{"id":2786,"date":"2020-03-26T13:00:11","date_gmt":"2020-03-26T13:00:11","guid":{"rendered":"https:\/\/gciatl.com\/?page_id=2786"},"modified":"2023-07-09T07:32:22","modified_gmt":"2023-07-09T11:32:22","slug":"used-hard-toys","status":"publish","type":"page","link":"https:\/\/gciatl.com\/es\/our-products\/used-hard-toys\/","title":{"rendered":"Juguetes Duros Usados"},"content":{"rendered":"<div class=\"wpb-content-wrapper\"><div class=\"vc_row wpb_row vc_row-fluid vc_custom_1658770289420\"><div class=\"wpb_column vc_column_container vc_col-sm-12\"><div class=\"vc_column-inner\"><div class=\"wpb_wrapper\"><h2 style=\"text-align: center\" class=\"vc_custom_heading vc_do_custom_heading vc_custom_1585457092636\" >Tenemos varias opciones de juguetes para satisfacer sus necesidades<\/h2><\/div><\/div><\/div><\/div><div class=\"vc_row wpb_row vc_row-fluid categorypages vc_custom_1660273001956 vc_row-o-equal-height vc_row-flex\"><div class=\"wpb_column vc_column_container vc_col-sm-12\"><div class=\"vc_column-inner\"><div class=\"wpb_wrapper\">\n<div class=\"vc_image_carousel_wr\">\n\t<div class=\"vc_image_carousel\" id=\"owl-69f70a350866d\">\n\t\t\t\t\t\t\t\t<div class=\"item\">\n\t\t\t\t<img decoding=\"async\" width=\"720\" height=\"600\" src=\"https:\/\/gciatl.com\/wp-content\/uploads\/2020\/03\/toys-1-1.jpg\" class=\"attachment-large\" alt=\"Toys (1)\" title=\"juguetes (1)\" srcset=\"https:\/\/gciatl.com\/wp-content\/uploads\/2020\/03\/toys-1-1.jpg 720w, https:\/\/gciatl.com\/wp-content\/uploads\/2020\/03\/toys-1-1-330x275.jpg 330w\" sizes=\"(max-width: 720px) 100vw, 720px\" \/>\t\t\t<\/div>\n\t\t\t\t\t\t\t\t<div class=\"item\">\n\t\t\t\t<img decoding=\"async\" width=\"930\" height=\"538\" src=\"https:\/\/gciatl.com\/wp-content\/uploads\/2020\/06\/Global-Clothing-Industries-Toys.jpg\" class=\"attachment-large\" alt=\"Global Clothing Industries Toys\" title=\"Industrias-globales-de-la-ropa-juguetes\" srcset=\"https:\/\/gciatl.com\/wp-content\/uploads\/2020\/06\/Global-Clothing-Industries-Toys.jpg 930w, https:\/\/gciatl.com\/wp-content\/uploads\/2020\/06\/Global-Clothing-Industries-Toys-330x191.jpg 330w, https:\/\/gciatl.com\/wp-content\/uploads\/2020\/06\/Global-Clothing-Industries-Toys-768x444.jpg 768w\" sizes=\"(max-width: 930px) 100vw, 930px\" \/>\t\t\t<\/div>\n\t\t\t\t\t\t\t\t<div class=\"item\">\n\t\t\t\t<img decoding=\"async\" width=\"1024\" height=\"400\" src=\"https:\/\/gciatl.com\/wp-content\/uploads\/2020\/03\/toys-1-1024x400.jpg\" class=\"attachment-large\" alt=\"Toys\" title=\"juguetes\" srcset=\"https:\/\/gciatl.com\/wp-content\/uploads\/2020\/03\/toys-1-1024x400.jpg 1024w, https:\/\/gciatl.com\/wp-content\/uploads\/2020\/03\/toys-1-330x129.jpg 330w, https:\/\/gciatl.com\/wp-content\/uploads\/2020\/03\/toys-1-768x300.jpg 768w, https:\/\/gciatl.com\/wp-content\/uploads\/2020\/03\/toys-1.jpg 1500w\" sizes=\"(max-width: 1024px) 100vw, 1024px\" \/>\t\t\t<\/div>\n\t\t\t\t\t\t\t\t<div class=\"item\">\n\t\t\t\t<img decoding=\"async\" width=\"1006\" height=\"838\" src=\"https:\/\/gciatl.com\/wp-content\/uploads\/2020\/03\/Toys-Warehouse.jpg\" class=\"attachment-large\" alt=\"Toys Warehouse\" title=\"Almac\u00e9n de juguetes\" srcset=\"https:\/\/gciatl.com\/wp-content\/uploads\/2020\/03\/Toys-Warehouse.jpg 1006w, https:\/\/gciatl.com\/wp-content\/uploads\/2020\/03\/Toys-Warehouse-330x275.jpg 330w, https:\/\/gciatl.com\/wp-content\/uploads\/2020\/03\/Toys-Warehouse-768x640.jpg 768w\" sizes=\"(max-width: 1006px) 100vw, 1006px\" \/>\t\t\t<\/div>\n\t\t\t<\/div>\n\t<script type=\"text\/javascript\">\n\t\tjQuery(document).ready(function ($) {\n\t\t\t$(\"#owl-69f70a350866d\").owlCarousel({\n\t\t\t\t\t\t\t\tautoplay: true,\n\t\t\t\t\t\t\t\tdots: false,\n\t\t\t\t\t\t\t\tloop: true,\n\t\t\t\t\t\t\t\tautoplayTimeout: 3000,\n\t\t\t\tsmartSpeed: 250,\n\t\t\t\tresponsive: {\n\t\t\t\t\t0: {\n\t\t\t\t\t\titems: 2\t\t\t\t\t},\n\t\t\t\t\t768: {\n\t\t\t\t\t\titems: 2\t\t\t\t\t},\n\t\t\t\t\t980: {\n\t\t\t\t\t\titems: 3\t\t\t\t\t},\n\t\t\t\t\t1199: {\n\t\t\t\t\t\titems: 3\t\t\t\t\t}\n\t\t\t\t}\n\t\t\t});\n\t\t});\n\t<\/script>\n<\/div><\/div><\/div><\/div><\/div><div data-vc-full-width=\"true\" data-vc-full-width-init=\"false\" data-vc-stretch-content=\"true\" class=\"vc_row wpb_row vc_row-fluid vc_custom_1658411384073 vc_row-has-fill\"><div class=\"wpb_column vc_column_container vc_col-sm-10 vc_col-lg-offset-2 vc_col-lg-8 vc_col-md-offset-2 vc_col-md-8 vc_col-sm-offset-1 vc_col-xs-12\"><div class=\"vc_column-inner\"><div class=\"wpb_wrapper\">\n\t<div class=\"wpb_text_column wpb_content_element\" >\n\t\t<div class=\"wpb_wrapper\">\n\t\t\t<p><span style=\"font-weight: 400; font-size: 14pt;\">No importa la cultura o el pa\u00eds en el que vivamos, en todo el mundo a los ni\u00f1os les encanta jugar y jugar es un componente cr\u00edtico del desarrollo de un ni\u00f1o.\u00a0 <a href=\"https:\/\/gciatl.com\/es\/about-global-clothing-industries\/\">Industrias globales de la ropa, LLC<\/a> tiene una gran selecci\u00f3n que tiene una gran demanda debido a su variedad y calidad. Nuestros juguetes suaves pueden incluir mu\u00f1ecas, animales de peluche y nuestros juguetes duros incluyen juegos y productos electr\u00f3nicos, figuras de acci\u00f3n, autos y camiones, barbies, etc.\u00a0\u00a0<\/span><\/p>\n<p><span style=\"font-weight: 400; font-size: 14pt;\">Los juguetes duros se pueden agregar a un pedido con otros productos en su contenedor o carga de cami\u00f3n. Los juguetes de peluche se pueden comprar como un contenedor completo. Podemos enviar a todo el mundo.<\/span><\/p>\n\n\t\t<\/div>\n\t<\/div>\n<style>.vc_btn3-style-gradient-custom.vc_btn-gradient-btn-69f70a351067c:hover{color: #ffffff;background-color: #57b846;border: none;background-position: 100% 0;}<\/style><style>.vc_btn3-style-gradient-custom.vc_btn-gradient-btn-69f70a351067c{color: #ffffff;border: none;background-color: #0075bb;background-image: -webkit-linear-gradient(left, #0075bb 0%, #57b846 50%,#0075bb 100%);background-image: linear-gradient(to right, #0075bb 0%, #57b846 50%,#0075bb 100%);-webkit-transition: all .2s ease-in-out;transition: all .2s ease-in-out;background-size: 200% 100%;}<\/style><div class=\"vc_btn3-container vc_btn3-center vc_do_btn\" ><a data-vc-gradient-1=\"#0075bb\" data-vc-gradient-2=\"#57b846\" class=\"vc_general vc_btn3 vc_btn3-size-md vc_btn3-shape-rounded vc_btn3-style-gradient-custom vc_btn3-icon-right vc_btn-gradient-btn-69f70a351067c\" href=\"https:\/\/gciatl.com\/es\/contact-global-clothing-industries\/\" title=\"Cont\u00e1ctenos\">Consultar sobre juguetes duros <i class=\"vc_btn3-icon stm-arrow-next\"><\/i><\/a><\/div><\/div><\/div><\/div><\/div><div class=\"vc_row-full-width\"><\/div>\n<\/div>","protected":false},"excerpt":{"rendered":"Tenemos varias opciones de juguetes para satisfacer sus necesidades No importa la cultura o el pa\u00eds en el que vivamos, en todo el mundo a los ni\u00f1os les encanta jugar y jugar es una...","protected":false},"author":1,"featured_media":3497,"parent":2701,"menu_order":0,"comment_status":"closed","ping_status":"closed","template":"","meta":{"_monsterinsights_skip_tracking":false,"_monsterinsights_sitenote_active":false,"_monsterinsights_sitenote_note":"","_monsterinsights_sitenote_category":0,"slim_seo":{"description":"Global Clothing Industries is a professional wholesale second-hand and used hard toys supplier in Latin America\/Caribbean and South\/East Africa.","title":"Used Hard Toys - Global Clothing Industries"},"footnotes":""},"class_list":["post-2786","page","type-page","status-publish","has-post-thumbnail","hentry"],"featured_image_src":"https:\/\/gciatl.com\/wp-content\/uploads\/2020\/03\/bulk-childrens-toys.jpg","featured_image_src_square":"https:\/\/gciatl.com\/wp-content\/uploads\/2020\/03\/bulk-childrens-toys.jpg","_links":{"self":[{"href":"https:\/\/gciatl.com\/es\/wp-json\/wp\/v2\/pages\/2786","targetHints":{"allow":["GET"]}}],"collection":[{"href":"https:\/\/gciatl.com\/es\/wp-json\/wp\/v2\/pages"}],"about":[{"href":"https:\/\/gciatl.com\/es\/wp-json\/wp\/v2\/types\/page"}],"author":[{"embeddable":true,"href":"https:\/\/gciatl.com\/es\/wp-json\/wp\/v2\/users\/1"}],"replies":[{"embeddable":true,"href":"https:\/\/gciatl.com\/es\/wp-json\/wp\/v2\/comments?post=2786"}],"version-history":[{"count":0,"href":"https:\/\/gciatl.com\/es\/wp-json\/wp\/v2\/pages\/2786\/revisions"}],"up":[{"embeddable":true,"href":"https:\/\/gciatl.com\/es\/wp-json\/wp\/v2\/pages\/2701"}],"wp:featuredmedia":[{"embeddable":true,"href":"https:\/\/gciatl.com\/es\/wp-json\/wp\/v2\/media\/3497"}],"wp:attachment":[{"href":"https:\/\/gciatl.com\/es\/wp-json\/wp\/v2\/media?parent=2786"}],"curies":[{"name":"wp","href":"https:\/\/api.w.org\/{rel}","templated":true}]}}