{"id":4071,"date":"2023-06-06T16:53:07","date_gmt":"2023-06-06T20:53:07","guid":{"rendered":"https:\/\/gciatl.com\/?page_id=4071"},"modified":"2023-06-15T10:35:55","modified_gmt":"2023-06-15T14:35:55","slug":"healthcare","status":"publish","type":"page","link":"https:\/\/gciatl.com\/es\/our-charity\/healthcare\/","title":{"rendered":"Cuidado de la salud"},"content":{"rendered":"<div class=\"wpb-content-wrapper\"><div data-vc-full-width=\"true\" data-vc-full-width-init=\"false\" data-vc-stretch-content=\"true\" class=\"vc_row wpb_row vc_row-fluid\"><div class=\"wpb_column vc_column_container vc_col-sm-12\"><div class=\"vc_column-inner\"><div class=\"wpb_wrapper\">\n\t<div class=\"wpb_raw_code wpb_raw_html wpb_content_element\" >\n\t\t<div class=\"wpb_wrapper\">\n\t\t\t<style type=\"text\/css\" scoped>.rbs_gallery_69fd434304306Spinner{\r\n\t\t\t\tmargin: 50px auto;\r\n\t\t\t\twidth: 50px;\r\n\t\t\t\theight: 40px;\r\n\t\t\t\ttext-align: center;\r\n\t\t\t\tfont-size: 10px;\r\n\t\t\t}\r\n\t\t\t.rbs_gallery_69fd434304306Spinner > div{\r\n\t\t\t  background-color: #333;\r\n\t\t\t  height: 100%;\r\n\t\t\t  width: 6px;\r\n\t\t\t  display: inline-block;\r\n\t\t\t  -webkit-animation: rbs_gallery_69fd434304306-stretchdelay 1.2s infinite ease-in-out;\r\n\t\t\t  animation: rbs_gallery_69fd434304306-stretchdelay 1.2s infinite ease-in-out;\r\n\t\t\t}\r\n\t\t\t.rbs_gallery_69fd434304306Spinner .rbs_gallery_69fd434304306Rect2 {\r\n\t\t\t  -webkit-animation-delay: -1.1s;\r\n\t\t\t  animation-delay: -1.1s;\r\n\t\t\t}\r\n\t\t\t.rbs_gallery_69fd434304306Spinner .rbs_gallery_69fd434304306Rect3 {\r\n\t\t\t  -webkit-animation-delay: -1.0s;\r\n\t\t\t  animation-delay: -1.0s;\r\n\t\t\t}\r\n\t\t\t.rbs_gallery_69fd434304306Spinner .rbs_gallery_69fd434304306Rect4 {\r\n\t\t\t  -webkit-animation-delay: -0.9s;\r\n\t\t\t  animation-delay: -0.9s;\r\n\t\t\t}\r\n\t\t\t.rbs_gallery_69fd434304306Spinner .rbs_gallery_69fd434304306Rect5 {\r\n\t\t\t  -webkit-animation-delay: -0.8s;\r\n\t\t\t  animation-delay: -0.8s;\r\n\t\t\t}\r\n\t\t\t@-webkit-keyframes rbs_gallery_69fd434304306-stretchdelay {\r\n\t\t\t  0%, 40%, 100% { -webkit-transform: scaleY(0.4) }  \r\n\t\t\t  20% { -webkit-transform: scaleY(1.0) }\r\n\t\t\t}\r\n\t\t\t@keyframes rbs_gallery_69fd434304306-stretchdelay {\r\n\t\t\t  0%, 40%, 100% { \r\n\t\t\t    transform: scaleY(0.4);\r\n\t\t\t    -webkit-transform: scaleY(0.4);\r\n\t\t\t  }  20% { \r\n\t\t\t    transform: scaleY(1.0);\r\n\t\t\t    -webkit-transform: scaleY(1.0);\r\n\t\t\t  }\r\n\t\t\t}\r\n\t\t<\/style><div class=\"robo-gallery-wrap robo-gallery-wrap-id4085 robo-gallery-polaroid\" ><div id=\"rbs_gallery_69fd434304306-block-loader\" class=\"rbs_gallery_69fd434304306Spinner\"><div class=\"rbs_gallery_69fd434304306Rect1\"><\/div> <div class=\"rbs_gallery_69fd434304306Rect2\"><\/div> <div class=\"rbs_gallery_69fd434304306Rect3\"><\/div> <div class=\"rbs_gallery_69fd434304306Rect4\"><\/div> <div class=\"rbs_gallery_69fd434304306Rect5\"><\/div><\/div><div id=\"robo_gallery_main_block_rbs_gallery_69fd434304306\" class=\"robogallery-gallery-4085\" style=\"width:100%;  display: none;\"><div id=\"rbs_gallery_69fd434304306\" data-options=\"rbs_gallery_69fd434304306\" style=\"width:100%;\" class=\"robo_gallery  \"><div class=\"rbs-img  category4085 \" ><div class=\"rbs-img-image   rbs-lightbox \" ><div class=\"rbs-img-thumbs\"  data-thumbnail=\"https:\/\/gciatl.com\/wp-content\/uploads\/medical-mission-trip-1-1-330x248.jpg\"  title=\"Medical mission trip recording patient data\"  data-width=\"330\"  data-height=\"248\" ><\/div><div class=\"rbs-img-data-popup\"  data-popup=\"https:\/\/gciatl.com\/wp-content\/uploads\/medical-mission-trip-1-1.jpg\"  title=\"Medical mission trip recording patient data\"  data-alt=\"Medical mission trip recording patient data\" ><\/div><div class=\"thumbnail-overlay\"><div class=\"rbsIcons\"><i class=\"fa fa-th rbsZoomIcon \" ><\/i><\/div><\/div><\/div><div class=\"rbs-img-content\">Medical mission trip recording patient data<\/div><\/div><div class=\"rbs-img  category4085 \" ><div class=\"rbs-img-image   rbs-lightbox \" ><div class=\"rbs-img-thumbs\"  data-thumbnail=\"https:\/\/gciatl.com\/wp-content\/uploads\/Optical-care-and-glasses-provided-free-of-charge-by-the-LKBF-during-medical-mission-trip-1-317x330.jpg\"  title=\"Optical care and glasses provided free of charge by the LKBF during medical mission trip\"  data-width=\"317\"  data-height=\"330\" ><\/div><div class=\"rbs-img-data-popup\"  data-popup=\"https:\/\/gciatl.com\/wp-content\/uploads\/Optical-care-and-glasses-provided-free-of-charge-by-the-LKBF-during-medical-mission-trip-1.jpg\"  title=\"Optical care and glasses provided free of charge by the LKBF during medical mission trip\"  data-alt=\"used clothing\" ><\/div><div class=\"thumbnail-overlay\"><div class=\"rbsIcons\"><i class=\"fa fa-th rbsZoomIcon \" ><\/i><\/div><\/div><\/div><div class=\"rbs-img-content\">Optical care and glasses provided free of charge by the LKBF during medical mission trip<\/div><\/div><div class=\"rbs-img  category4085 \" ><div class=\"rbs-img-image   rbs-lightbox \" ><div class=\"rbs-img-thumbs\"  data-thumbnail=\"https:\/\/gciatl.com\/wp-content\/uploads\/Medical-mission-trip-volunteer-taking-patients-blood-pressure-330x248.jpg\"  title=\"Medical mission trip recording patient data\"  data-width=\"330\"  data-height=\"248\" ><\/div><div class=\"rbs-img-data-popup\"  data-popup=\"https:\/\/gciatl.com\/wp-content\/uploads\/Medical-mission-trip-volunteer-taking-patients-blood-pressure.jpg\"  title=\"Medical mission trip recording patient data\"  data-alt=\"Medical mission trip recording patient data\" ><\/div><div class=\"thumbnail-overlay\"><div class=\"rbsIcons\"><i class=\"fa fa-th rbsZoomIcon \" ><\/i><\/div><\/div><\/div><div class=\"rbs-img-content\">Medical mission trip recording patient data<\/div><\/div><div class=\"rbs-img  category4085 \" ><div class=\"rbs-img-image   rbs-lightbox \" ><div class=\"rbs-img-thumbs\"  data-thumbnail=\"https:\/\/gciatl.com\/wp-content\/uploads\/Taking-patients-blood-pressure-330x177.jpg\"  title=\"Taking patients blood pressure\"  data-width=\"330\"  data-height=\"177\" ><\/div><div class=\"rbs-img-data-popup\"  data-popup=\"https:\/\/gciatl.com\/wp-content\/uploads\/Taking-patients-blood-pressure.jpg\"  title=\"Taking patients blood pressure\"  data-alt=\"Taking patients blood pressure\" ><\/div><div class=\"thumbnail-overlay\"><div class=\"rbsIcons\"><i class=\"fa fa-th rbsZoomIcon \" ><\/i><\/div><\/div><\/div><div class=\"rbs-img-content\">Taking patients blood pressure<\/div><\/div><div class=\"rbs-img  category4085 \" ><div class=\"rbs-img-image   rbs-lightbox \" ><div class=\"rbs-img-thumbs\"  data-thumbnail=\"https:\/\/gciatl.com\/wp-content\/uploads\/Medical-mission-trip-leader-using-stethoscope-330x188.jpg\"  title=\"Nurse practitioner examining patient\"  data-width=\"330\"  data-height=\"188\" ><\/div><div class=\"rbs-img-data-popup\"  data-popup=\"https:\/\/gciatl.com\/wp-content\/uploads\/Medical-mission-trip-leader-using-stethoscope.jpg\"  title=\"Nurse practitioner examining patient\"  data-alt=\"Nurse practitioner examining patient\" ><\/div><div class=\"thumbnail-overlay\"><div class=\"rbsIcons\"><i class=\"fa fa-th rbsZoomIcon \" ><\/i><\/div><\/div><\/div><div class=\"rbs-img-content\">Nurse practitioner examining patient<\/div><\/div><div class=\"rbs-img  category4085 \" ><div class=\"rbs-img-image   rbs-lightbox \" ><div class=\"rbs-img-thumbs\"  data-thumbnail=\"https:\/\/gciatl.com\/wp-content\/uploads\/Medical-mission-trip-volunteer-takes-blood-pressure-330x231.jpg\"  title=\"Medical mission trip volunteer takes blood pressure\"  data-width=\"330\"  data-height=\"231\" ><\/div><div class=\"rbs-img-data-popup\"  data-popup=\"https:\/\/gciatl.com\/wp-content\/uploads\/Medical-mission-trip-volunteer-takes-blood-pressure.jpg\"  title=\"Medical mission trip volunteer takes blood pressure\"  data-alt=\"medical mission\" ><\/div><div class=\"thumbnail-overlay\"><div class=\"rbsIcons\"><i class=\"fa fa-th rbsZoomIcon \" ><\/i><\/div><\/div><\/div><div class=\"rbs-img-content\">Medical mission trip volunteer takes blood pressure<\/div><\/div><div class=\"rbs-img  category4085 \" ><div class=\"rbs-img-image   rbs-lightbox \" ><div class=\"rbs-img-thumbs\"  data-thumbnail=\"https:\/\/gciatl.com\/wp-content\/uploads\/kono-gov-donation-1-330x186.jpg\"  title=\"The LKBF provided food and medicine to the Kono Government Hospital during Covid.\"  data-width=\"330\"  data-height=\"186\" ><\/div><div class=\"rbs-img-data-popup\"  data-popup=\"https:\/\/gciatl.com\/wp-content\/uploads\/kono-gov-donation-1.jpg\"  title=\"The LKBF provided food and medicine to the Kono Government Hospital during Covid.\"  data-alt=\"used clothing\" ><\/div><div class=\"thumbnail-overlay\"><div class=\"rbsIcons\"><i class=\"fa fa-th rbsZoomIcon \" ><\/i><\/div><\/div><\/div><div class=\"rbs-img-content\">The LKBF provided food and medicine to the Kono Government Hospital during Covid.<\/div><\/div><div class=\"rbs-img  category4085 \" ><div class=\"rbs-img-image   rbs-lightbox \" ><div class=\"rbs-img-thumbs\"  data-thumbnail=\"https:\/\/gciatl.com\/wp-content\/uploads\/2020\/06\/Lamin-Kadie-Bah-Foundation-2019-Donated-Water-Wells-To-Africa-330x248.jpg\"  title=\"Installed multiple water wells that can serve up to 2,000 people each\"  data-width=\"330\"  data-height=\"248\" ><\/div><div class=\"rbs-img-data-popup\"  data-popup=\"https:\/\/gciatl.com\/wp-content\/uploads\/2020\/06\/Lamin-Kadie-Bah-Foundation-2019-Donated-Water-Wells-To-Africa.jpg\"  title=\"Installed multiple water wells that can serve up to 2,000 people each\"  data-alt=\"Lamin and Kadie Bah Foundation Volunteering in 2019 by Installing Water Wells in Sierra Leona, Africa\" ><\/div><div class=\"thumbnail-overlay\"><div class=\"rbsIcons\"><i class=\"fa fa-th rbsZoomIcon \" ><\/i><\/div><\/div><\/div><div class=\"rbs-img-content\">Installed multiple water wells that can serve up to 2,000 people each<\/div><\/div><div class=\"rbs-img  category4085 \" ><div class=\"rbs-img-image   rbs-lightbox \" ><div class=\"rbs-img-thumbs\"  data-thumbnail=\"https:\/\/gciatl.com\/wp-content\/uploads\/Lamin-Kadie-pose-with-Rugie-the-medical-mission-leader.-Mission-Accomplished-330x260.jpg\"  title=\"Lamin &amp; Kadie pose with Rugie, the medical mission leader. Mission Accomplished!\"  data-width=\"330\"  data-height=\"260\" ><\/div><div class=\"rbs-img-data-popup\"  data-popup=\"https:\/\/gciatl.com\/wp-content\/uploads\/Lamin-Kadie-pose-with-Rugie-the-medical-mission-leader.-Mission-Accomplished.jpg\"  title=\"Lamin &amp; Kadie pose with Rugie, the medical mission leader. Mission Accomplished!\"  data-alt=\"Lamin &amp; Kadie pose with Rugie, the medical mission leader. Mission Accomplished!\" ><\/div><div class=\"thumbnail-overlay\"><div class=\"rbsIcons\"><i class=\"fa fa-th rbsZoomIcon \" ><\/i><\/div><\/div><\/div><div class=\"rbs-img-content\">Lamin & Kadie pose with Rugie, the medical mission leader. Mission Accomplished!<\/div><\/div><\/div><\/div><\/div><script>var rbs_gallery_69fd434304306 = {\"version\":\"5.1.4\",\"id\":4085,\"class\":\"id4085\",\"roboGalleryDelay\":1000,\"mainContainer\":\"#robo_gallery_main_block_rbs_gallery_69fd434304306\",\"loadingContainer\":\"#rbs_gallery_69fd434304306-block-loader\",\"loadingContainerObj\":\"rbs_gallery_69fd434304306-block-loader\",\"columnWidth\":\"auto\",\"columns\":3,\"resolutions\":[{\"columnWidth\":\"auto\",\"columns\":3,\"maxWidth\":960},{\"columnWidth\":\"auto\",\"columns\":2,\"maxWidth\":650},{\"columnWidth\":\"auto\",\"columns\":1,\"maxWidth\":450}],\"lightboxOptions\":{\"gallery\":{\"enabled\":true,\"tCounter\":\"%curr% of %total%\"}},\"borderSize\":5,\"overlayEffect\":\"direction-aware-fade\",\"boxesToLoadStart\":12,\"boxesToLoad\":8,\"waitUntilThumbLoads\":1,\"LoadingWord\":\"Loading...\",\"loadMoreWord\":\"Load More\",\"noMoreEntriesWord\":\"No More Entries\",\"horizontalSpaceBetweenBoxes\":15,\"verticalSpaceBetweenBoxes\":15,\"lazyLoad\":1,\"wrapContainer\":\"#robo-gallery-wrap-rbs_gallery_69fd434304306\"};<\/script>\n\t\t<\/div>\n\t<\/div>\n<\/div><\/div><\/div><\/div><div class=\"vc_row-full-width\"><\/div>\n<\/div>","protected":false},"excerpt":{"rendered":"Viaje de misi\u00f3n m\u00e9dica que registra los datos del paciente Cuidado \u00f3ptico y anteojos proporcionados de forma gratuita por la LKBF durante el viaje de misi\u00f3n m\u00e9dica Viaje de misi\u00f3n m\u00e9dica que registra los datos del paciente Toma de presi\u00f3n arterial de los pacientes Enfermera practicante que examina al paciente Viaje de misi\u00f3n m\u00e9dica...","protected":false},"author":1,"featured_media":0,"parent":3938,"menu_order":0,"comment_status":"closed","ping_status":"closed","template":"","meta":{"_monsterinsights_skip_tracking":false,"_monsterinsights_sitenote_active":false,"_monsterinsights_sitenote_note":"","_monsterinsights_sitenote_category":0,"slim_seo":{"title":"Salud - Industrias textiles globales","description":""},"footnotes":""},"class_list":["post-4071","page","type-page","status-publish","hentry"],"featured_image_src":null,"featured_image_src_square":null,"_links":{"self":[{"href":"https:\/\/gciatl.com\/es\/wp-json\/wp\/v2\/pages\/4071","targetHints":{"allow":["GET"]}}],"collection":[{"href":"https:\/\/gciatl.com\/es\/wp-json\/wp\/v2\/pages"}],"about":[{"href":"https:\/\/gciatl.com\/es\/wp-json\/wp\/v2\/types\/page"}],"author":[{"embeddable":true,"href":"https:\/\/gciatl.com\/es\/wp-json\/wp\/v2\/users\/1"}],"replies":[{"embeddable":true,"href":"https:\/\/gciatl.com\/es\/wp-json\/wp\/v2\/comments?post=4071"}],"version-history":[{"count":0,"href":"https:\/\/gciatl.com\/es\/wp-json\/wp\/v2\/pages\/4071\/revisions"}],"up":[{"embeddable":true,"href":"https:\/\/gciatl.com\/es\/wp-json\/wp\/v2\/pages\/3938"}],"wp:attachment":[{"href":"https:\/\/gciatl.com\/es\/wp-json\/wp\/v2\/media?parent=4071"}],"curies":[{"name":"wp","href":"https:\/\/api.w.org\/{rel}","templated":true}]}}