{"id":3047,"date":"2020-03-26T14:38:11","date_gmt":"2020-03-26T14:38:11","guid":{"rendered":"https:\/\/gciatl.com\/?page_id=3047"},"modified":"2023-07-09T07:49:21","modified_gmt":"2023-07-09T11:49:21","slug":"vintage-mens-shoes","status":"publish","type":"page","link":"https:\/\/gciatl.com\/fr\/vintage\/vintage-mens-shoes\/","title":{"rendered":"Chaussures Homme Vintage"},"content":{"rendered":"<div class=\"wpb-content-wrapper\"><div data-vc-full-width=\"true\" data-vc-full-width-init=\"false\" data-vc-stretch-content=\"true\" class=\"vc_row wpb_row vc_row-fluid vc_row-no-padding\"><div class=\"wpb_column vc_column_container vc_col-sm-12\"><div class=\"vc_column-inner\"><div class=\"wpb_wrapper\">\n\t<div class=\"wpb_raw_code wpb_raw_html wpb_content_element\" >\n\t\t<div class=\"wpb_wrapper\">\n\t\t\t    <video poster=\"\/wp-content\/uploads\/2022\/07\/atlvintageshop.jpg\" src=\"\/wp-content\/uploads\/2022\/07\/Atlanta-Vintage-Shop.mp4\" loop muted autoplay playsinline style=\"width: 100%;height: 100%;max-height:760px;object-fit:cover;\">\n    <\/video>\n<style>\n.page_title div.container {\n    display: none;\n}\n<\/style>\n<br><br><br>\n\t\t<\/div>\n\t<\/div>\n<\/div><\/div><\/div><\/div><div class=\"vc_row-full-width\"><\/div><div class=\"vc_row wpb_row vc_row-fluid\"><div class=\"wpb_column vc_column_container vc_col-sm-12\"><div class=\"vc_column-inner\"><div class=\"wpb_wrapper\">\n\t<div class=\"wpb_text_column wpb_content_element\" >\n\t\t<div class=\"wpb_wrapper\">\n\t\t\t<p><span style=\"font-weight: 400;\">Atlanta Vintage Shop has an extensive inventory capable of distributing first class retro fashions to vintage boutique owners, vintage online retailers, and to wardrobe departments in the television &amp; movie industry. Our vintage curators have the experience and ability to recognize and pick special items from 1960\u2019s onward which can be purchased at excellent wholesale prices.<\/span><\/p>\n<p><span style=\"font-weight: 400;\">There is no question that men\u2019s vintage shoes never go out of style. The <\/span><span style=\"font-weight: 400;\">Atlanta Vintage Shop <\/span><span style=\"font-weight: 400;\">has a very large assortment that features styles such as oxfords, saddle Shoes, Lace up boots, penny loafers, boat shoes, leather sandals, Chelsea boots, work boots, western boots, and of course Retro sneakers. The powerful brands that dominated the 60s to 90s eras and are prominently featured in our assortments include Cole Haan, Sperry, Birkenstocks, Timberland, Nike, Adidas, Clarks, Moccasins, Converse, &amp; Vans to name a few.<\/span><\/p>\n<p>&nbsp;<\/p>\n<style type=\"text\/css\" scoped>.rbs_gallery_69f46d6cd1325Spinner{\r\n\t\t\t\tmargin: 50px auto;\r\n\t\t\t\twidth: 50px;\r\n\t\t\t\theight: 40px;\r\n\t\t\t\ttext-align: center;\r\n\t\t\t\tfont-size: 10px;\r\n\t\t\t}\r\n\t\t\t.rbs_gallery_69f46d6cd1325Spinner > div{\r\n\t\t\t  background-color: #333;\r\n\t\t\t  height: 100%;\r\n\t\t\t  width: 6px;\r\n\t\t\t  display: inline-block;\r\n\t\t\t  -webkit-animation: rbs_gallery_69f46d6cd1325-stretchdelay 1.2s infinite ease-in-out;\r\n\t\t\t  animation: rbs_gallery_69f46d6cd1325-stretchdelay 1.2s infinite ease-in-out;\r\n\t\t\t}\r\n\t\t\t.rbs_gallery_69f46d6cd1325Spinner .rbs_gallery_69f46d6cd1325Rect2 {\r\n\t\t\t  -webkit-animation-delay: -1.1s;\r\n\t\t\t  animation-delay: -1.1s;\r\n\t\t\t}\r\n\t\t\t.rbs_gallery_69f46d6cd1325Spinner .rbs_gallery_69f46d6cd1325Rect3 {\r\n\t\t\t  -webkit-animation-delay: -1.0s;\r\n\t\t\t  animation-delay: -1.0s;\r\n\t\t\t}\r\n\t\t\t.rbs_gallery_69f46d6cd1325Spinner .rbs_gallery_69f46d6cd1325Rect4 {\r\n\t\t\t  -webkit-animation-delay: -0.9s;\r\n\t\t\t  animation-delay: -0.9s;\r\n\t\t\t}\r\n\t\t\t.rbs_gallery_69f46d6cd1325Spinner .rbs_gallery_69f46d6cd1325Rect5 {\r\n\t\t\t  -webkit-animation-delay: -0.8s;\r\n\t\t\t  animation-delay: -0.8s;\r\n\t\t\t}\r\n\t\t\t@-webkit-keyframes rbs_gallery_69f46d6cd1325-stretchdelay {\r\n\t\t\t  0%, 40%, 100% { -webkit-transform: scaleY(0.4) }  \r\n\t\t\t  20% { -webkit-transform: scaleY(1.0) }\r\n\t\t\t}\r\n\t\t\t@keyframes rbs_gallery_69f46d6cd1325-stretchdelay {\r\n\t\t\t  0%, 40%, 100% { \r\n\t\t\t    transform: scaleY(0.4);\r\n\t\t\t    -webkit-transform: scaleY(0.4);\r\n\t\t\t  }  20% { \r\n\t\t\t    transform: scaleY(1.0);\r\n\t\t\t    -webkit-transform: scaleY(1.0);\r\n\t\t\t  }\r\n\t\t\t}\r\n\t\t<\/style><div class=\"robo-gallery-wrap robo-gallery-wrap-id2839 robo-gallery-\" ><div id=\"rbs_gallery_69f46d6cd1325-block-loader\" class=\"rbs_gallery_69f46d6cd1325Spinner\"><div class=\"rbs_gallery_69f46d6cd1325Rect1\"><\/div> <div class=\"rbs_gallery_69f46d6cd1325Rect2\"><\/div> <div class=\"rbs_gallery_69f46d6cd1325Rect3\"><\/div> <div class=\"rbs_gallery_69f46d6cd1325Rect4\"><\/div> <div class=\"rbs_gallery_69f46d6cd1325Rect5\"><\/div><\/div><div class=\"rbs_gallery_button  rbs_gallery_align_left\" id=\"rbs_gallery_69f46d6cd1325filter\" style=\" display: none;\" ><a class=\"button button-flat-primary button-large  \" href=\"#\" data-filter=\"*\">All<\/a><a class=\"button button-flat-primary button-large  \" href=\"#\" data-filter=\".category2839\">Men&#039;s Shoes<\/a><\/div><div id=\"robo_gallery_main_block_rbs_gallery_69f46d6cd1325\" class=\"robogallery-gallery-2839\" style=\"width:100%;  display: none;\"><div id=\"rbs_gallery_69f46d6cd1325\" data-options=\"rbs_gallery_69f46d6cd1325\" style=\"width:100%;\" class=\"robo_gallery  \"><div class=\"rbs-img  category2839 \" ><div class=\"rbs-img-image   rbs-lightbox \" ><div class=\"rbs-img-thumbs\"  data-thumbnail=\"https:\/\/gciatl.com\/wp-content\/uploads\/2020\/03\/Used-Mens-Shoes7-330x284.jpg\"  title=\"Used-Mens-Shoes7\"  data-width=\"330\"  data-height=\"284\" ><\/div><div class=\"rbs-img-data-popup\"  data-popup=\"https:\/\/gciatl.com\/wp-content\/uploads\/2020\/03\/Used-Mens-Shoes7.jpg\"  title=\"Used-Mens-Shoes7\" ><\/div><div class=\"thumbnail-overlay\"><div class=\"rbsIcons\"><i class=\"fa fa-search-plus rbsZoomIcon \" ><\/i><\/div><\/div><\/div><\/div><div class=\"rbs-img  category2839 \" ><div class=\"rbs-img-image   rbs-lightbox \" ><div class=\"rbs-img-thumbs\"  data-thumbnail=\"https:\/\/gciatl.com\/wp-content\/uploads\/2020\/03\/Used-Mens-Shoes8-330x284.jpg\"  title=\"Used-Mens-Shoes8\"  data-width=\"330\"  data-height=\"284\" ><\/div><div class=\"rbs-img-data-popup\"  data-popup=\"https:\/\/gciatl.com\/wp-content\/uploads\/2020\/03\/Used-Mens-Shoes8.jpg\"  title=\"Used-Mens-Shoes8\" ><\/div><div class=\"thumbnail-overlay\"><div class=\"rbsIcons\"><i class=\"fa fa-search-plus rbsZoomIcon \" ><\/i><\/div><\/div><\/div><\/div><div class=\"rbs-img  category2839 \" ><div class=\"rbs-img-image   rbs-lightbox \" ><div class=\"rbs-img-thumbs\"  data-thumbnail=\"https:\/\/gciatl.com\/wp-content\/uploads\/2020\/03\/Used-Mens-Shoes9-330x284.jpg\"  title=\"Used-Mens-Shoes9\"  data-width=\"330\"  data-height=\"284\" ><\/div><div class=\"rbs-img-data-popup\"  data-popup=\"https:\/\/gciatl.com\/wp-content\/uploads\/2020\/03\/Used-Mens-Shoes9.jpg\"  title=\"Used-Mens-Shoes9\" ><\/div><div class=\"thumbnail-overlay\"><div class=\"rbsIcons\"><i class=\"fa fa-search-plus rbsZoomIcon \" ><\/i><\/div><\/div><\/div><\/div><div class=\"rbs-img  category2839 \" ><div class=\"rbs-img-image   rbs-lightbox \" ><div class=\"rbs-img-thumbs\"  data-thumbnail=\"https:\/\/gciatl.com\/wp-content\/uploads\/2020\/03\/Used-Mens-Shoes11-330x284.jpg\"  title=\"Used-Mens-Shoes11\"  data-width=\"330\"  data-height=\"284\" ><\/div><div class=\"rbs-img-data-popup\"  data-popup=\"https:\/\/gciatl.com\/wp-content\/uploads\/2020\/03\/Used-Mens-Shoes11.jpg\"  title=\"Used-Mens-Shoes11\" ><\/div><div class=\"thumbnail-overlay\"><div class=\"rbsIcons\"><i class=\"fa fa-search-plus rbsZoomIcon \" ><\/i><\/div><\/div><\/div><\/div><div class=\"rbs-img  category2839 \" ><div class=\"rbs-img-image   rbs-lightbox \" ><div class=\"rbs-img-thumbs\"  data-thumbnail=\"https:\/\/gciatl.com\/wp-content\/uploads\/2020\/03\/Used-Mens-Shoes12-330x284.jpg\"  title=\"Used-Mens-Shoes12\"  data-width=\"330\"  data-height=\"284\" ><\/div><div class=\"rbs-img-data-popup\"  data-popup=\"https:\/\/gciatl.com\/wp-content\/uploads\/2020\/03\/Used-Mens-Shoes12.jpg\"  title=\"Used-Mens-Shoes12\" ><\/div><div class=\"thumbnail-overlay\"><div class=\"rbsIcons\"><i class=\"fa fa-search-plus rbsZoomIcon \" ><\/i><\/div><\/div><\/div><\/div><div class=\"rbs-img  category2839 \" ><div class=\"rbs-img-image   rbs-lightbox \" ><div class=\"rbs-img-thumbs\"  data-thumbnail=\"https:\/\/gciatl.com\/wp-content\/uploads\/2020\/03\/Used-Mens-Shoes13-330x284.jpg\"  title=\"Used-Mens-Shoes13\"  data-width=\"330\"  data-height=\"284\" ><\/div><div class=\"rbs-img-data-popup\"  data-popup=\"https:\/\/gciatl.com\/wp-content\/uploads\/2020\/03\/Used-Mens-Shoes13.jpg\"  title=\"Used-Mens-Shoes13\" ><\/div><div class=\"thumbnail-overlay\"><div class=\"rbsIcons\"><i class=\"fa fa-search-plus rbsZoomIcon \" ><\/i><\/div><\/div><\/div><\/div><div class=\"rbs-img  category2839 \" ><div class=\"rbs-img-image   rbs-lightbox \" ><div class=\"rbs-img-thumbs\"  data-thumbnail=\"https:\/\/gciatl.com\/wp-content\/uploads\/2020\/03\/Used-Mens-Shoes14-330x284.jpg\"  title=\"Used-Mens-Shoes14\"  data-width=\"330\"  data-height=\"284\" ><\/div><div class=\"rbs-img-data-popup\"  data-popup=\"https:\/\/gciatl.com\/wp-content\/uploads\/2020\/03\/Used-Mens-Shoes14.jpg\"  title=\"Used-Mens-Shoes14\" ><\/div><div class=\"thumbnail-overlay\"><div class=\"rbsIcons\"><i class=\"fa fa-search-plus rbsZoomIcon \" ><\/i><\/div><\/div><\/div><\/div><div class=\"rbs-img  category2839 \" ><div class=\"rbs-img-image   rbs-lightbox \" ><div class=\"rbs-img-thumbs\"  data-thumbnail=\"https:\/\/gciatl.com\/wp-content\/uploads\/2020\/03\/Used-Mens-Shoes15-330x284.jpg\"  title=\"Used-Mens-Shoes15\"  data-width=\"330\"  data-height=\"284\" ><\/div><div class=\"rbs-img-data-popup\"  data-popup=\"https:\/\/gciatl.com\/wp-content\/uploads\/2020\/03\/Used-Mens-Shoes15.jpg\"  title=\"Used-Mens-Shoes15\" ><\/div><div class=\"thumbnail-overlay\"><div class=\"rbsIcons\"><i class=\"fa fa-search-plus rbsZoomIcon \" ><\/i><\/div><\/div><\/div><\/div><div class=\"rbs-img  category2839 \" ><div class=\"rbs-img-image   rbs-lightbox \" ><div class=\"rbs-img-thumbs\"  data-thumbnail=\"https:\/\/gciatl.com\/wp-content\/uploads\/2020\/03\/Used-Mens-Shoes16-330x284.jpg\"  title=\"Used-Mens-Shoes16\"  data-width=\"330\"  data-height=\"284\" ><\/div><div class=\"rbs-img-data-popup\"  data-popup=\"https:\/\/gciatl.com\/wp-content\/uploads\/2020\/03\/Used-Mens-Shoes16.jpg\"  title=\"Used-Mens-Shoes16\" ><\/div><div class=\"thumbnail-overlay\"><div class=\"rbsIcons\"><i class=\"fa fa-search-plus rbsZoomIcon \" ><\/i><\/div><\/div><\/div><\/div><div class=\"rbs-img  category2839 \" ><div class=\"rbs-img-image   rbs-lightbox \" ><div class=\"rbs-img-thumbs\"  data-thumbnail=\"https:\/\/gciatl.com\/wp-content\/uploads\/2020\/03\/Used-Mens-Shoes17-330x284.jpg\"  title=\"Used-Mens-Shoes17\"  data-width=\"330\"  data-height=\"284\" ><\/div><div class=\"rbs-img-data-popup\"  data-popup=\"https:\/\/gciatl.com\/wp-content\/uploads\/2020\/03\/Used-Mens-Shoes17.jpg\"  title=\"Used-Mens-Shoes17\" ><\/div><div class=\"thumbnail-overlay\"><div class=\"rbsIcons\"><i class=\"fa fa-search-plus rbsZoomIcon \" ><\/i><\/div><\/div><\/div><\/div><div class=\"rbs-img  category2839 \" ><div class=\"rbs-img-image   rbs-lightbox \" ><div class=\"rbs-img-thumbs\"  data-thumbnail=\"https:\/\/gciatl.com\/wp-content\/uploads\/2020\/03\/Used-Mens-Shoes18-330x284.jpg\"  title=\"Used-Mens-Shoes18\"  data-width=\"330\"  data-height=\"284\" ><\/div><div class=\"rbs-img-data-popup\"  data-popup=\"https:\/\/gciatl.com\/wp-content\/uploads\/2020\/03\/Used-Mens-Shoes18.jpg\"  title=\"Used-Mens-Shoes18\" ><\/div><div class=\"thumbnail-overlay\"><div class=\"rbsIcons\"><i class=\"fa fa-search-plus rbsZoomIcon \" ><\/i><\/div><\/div><\/div><\/div><div class=\"rbs-img  category2839 \" ><div class=\"rbs-img-image   rbs-lightbox \" ><div class=\"rbs-img-thumbs\"  data-thumbnail=\"https:\/\/gciatl.com\/wp-content\/uploads\/2020\/03\/Used-Mens-Shoes19-330x284.jpg\"  title=\"Used-Mens-Shoes19\"  data-width=\"330\"  data-height=\"284\" ><\/div><div class=\"rbs-img-data-popup\"  data-popup=\"https:\/\/gciatl.com\/wp-content\/uploads\/2020\/03\/Used-Mens-Shoes19.jpg\"  title=\"Used-Mens-Shoes19\" ><\/div><div class=\"thumbnail-overlay\"><div class=\"rbsIcons\"><i class=\"fa fa-search-plus rbsZoomIcon \" ><\/i><\/div><\/div><\/div><\/div><div class=\"rbs-img  category2839 \" ><div class=\"rbs-img-image   rbs-lightbox \" ><div class=\"rbs-img-thumbs\"  data-thumbnail=\"https:\/\/gciatl.com\/wp-content\/uploads\/2020\/03\/Used-Mens-Shoes20-330x284.jpg\"  title=\"Used-Mens-Shoes20\"  data-width=\"330\"  data-height=\"284\" ><\/div><div class=\"rbs-img-data-popup\"  data-popup=\"https:\/\/gciatl.com\/wp-content\/uploads\/2020\/03\/Used-Mens-Shoes20.jpg\"  title=\"Used-Mens-Shoes20\" ><\/div><div class=\"thumbnail-overlay\"><div class=\"rbsIcons\"><i class=\"fa fa-search-plus rbsZoomIcon \" ><\/i><\/div><\/div><\/div><\/div><\/div><\/div><\/div><script>var rbs_gallery_69f46d6cd1325 = {\"version\":\"5.1.4\",\"id\":2839,\"class\":\"id2839\",\"roboGalleryDelay\":1000,\"mainContainer\":\"#robo_gallery_main_block_rbs_gallery_69f46d6cd1325\",\"loadingContainer\":\"#rbs_gallery_69f46d6cd1325-block-loader\",\"loadingContainerObj\":\"rbs_gallery_69f46d6cd1325-block-loader\",\"columnWidth\":\"auto\",\"columns\":3,\"resolutions\":[{\"columnWidth\":\"auto\",\"columns\":3,\"maxWidth\":960},{\"columnWidth\":\"auto\",\"columns\":2,\"maxWidth\":650},{\"columnWidth\":\"auto\",\"columns\":1,\"maxWidth\":450}],\"lightboxOptions\":{\"gallery\":{\"enabled\":true,\"tCounter\":\"%curr% of %total%\"}},\"overlayEffect\":\"direction-aware-fade\",\"boxesToLoadStart\":12,\"boxesToLoad\":8,\"waitUntilThumbLoads\":1,\"LoadingWord\":\"Loading...\",\"loadMoreWord\":\"Load More\",\"noMoreEntriesWord\":\"No More Entries\",\"horizontalSpaceBetweenBoxes\":10,\"verticalSpaceBetweenBoxes\":10,\"lazyLoad\":1,\"wrapContainer\":\"#robo-gallery-wrap-rbs_gallery_69f46d6cd1325\",\"filterContainer\":\"#rbs_gallery_69f46d6cd1325filter\",\"loadMoreClass\":\"button-flat-primary button-large \"};<\/script>\n\n\t\t<\/div>\n\t<\/div>\n<\/div><\/div><\/div><\/div>\n<\/div>","protected":false},"excerpt":{"rendered":"Atlanta Vintage Shop dispose d&#039;un vaste inventaire capable de distribuer des v\u00eatements r\u00e9tro de premi\u00e8re classe aux propri\u00e9taires de boutiques vintage, aux d\u00e9taillants en ligne vintage et aux d\u00e9partements de garde-robe de l&#039;industrie de la t\u00e9l\u00e9vision et du cin\u00e9ma. Notre cuv\u00e9e...","protected":false},"author":1,"featured_media":0,"parent":2724,"menu_order":0,"comment_status":"closed","ping_status":"closed","template":"","meta":{"_monsterinsights_skip_tracking":false,"_monsterinsights_sitenote_active":false,"_monsterinsights_sitenote_note":"","_monsterinsights_sitenote_category":0,"slim_seo":{"title":"Vintage Mens Shoes Used | Global Clothing Industries","description":"Global Clothing Industries offers wholesale vintage mens shoes in Latin America\/Caribbean and South\/East Africa."},"footnotes":""},"class_list":["post-3047","page","type-page","status-publish","hentry"],"featured_image_src":null,"featured_image_src_square":null,"_links":{"self":[{"href":"https:\/\/gciatl.com\/fr\/wp-json\/wp\/v2\/pages\/3047","targetHints":{"allow":["GET"]}}],"collection":[{"href":"https:\/\/gciatl.com\/fr\/wp-json\/wp\/v2\/pages"}],"about":[{"href":"https:\/\/gciatl.com\/fr\/wp-json\/wp\/v2\/types\/page"}],"author":[{"embeddable":true,"href":"https:\/\/gciatl.com\/fr\/wp-json\/wp\/v2\/users\/1"}],"replies":[{"embeddable":true,"href":"https:\/\/gciatl.com\/fr\/wp-json\/wp\/v2\/comments?post=3047"}],"version-history":[{"count":0,"href":"https:\/\/gciatl.com\/fr\/wp-json\/wp\/v2\/pages\/3047\/revisions"}],"up":[{"embeddable":true,"href":"https:\/\/gciatl.com\/fr\/wp-json\/wp\/v2\/pages\/2724"}],"wp:attachment":[{"href":"https:\/\/gciatl.com\/fr\/wp-json\/wp\/v2\/media?parent=3047"}],"curies":[{"name":"wp","href":"https:\/\/api.w.org\/{rel}","templated":true}]}}