{"id":3870,"date":"2023-01-31T16:40:04","date_gmt":"2023-01-31T21:40:04","guid":{"rendered":"https:\/\/gciatl.com\/?page_id=3870"},"modified":"2023-02-13T16:31:13","modified_gmt":"2023-02-13T21:31:13","slug":"wholesale-used-toys","status":"publish","type":"page","link":"https:\/\/gciatl.com\/fr\/our-products\/wholesale-used-toys\/","title":{"rendered":"Jouets d&#039;occasion en gros"},"content":{"rendered":"<div class=\"wpb-content-wrapper\"><div data-vc-full-width=\"true\" data-vc-full-width-init=\"false\" class=\"vc_row wpb_row vc_row-fluid vc_custom_1675269425242 vc_row-has-fill vc_row-o-content-middle vc_row-flex\"><div class=\"wpb_column vc_column_container vc_col-sm-6\"><div class=\"vc_column-inner vc_custom_1675269652364\"><div class=\"wpb_wrapper\"><h2 style=\"text-align: center\" class=\"vc_custom_heading vc_do_custom_heading vc_custom_1675195071019\" >Nous achetons et vendons des jouets d&#039;occasion en gros<\/h2>\n\t<div class=\"wpb_text_column wpb_content_element\" >\n\t\t<div class=\"wpb_wrapper\">\n\t\t\t<p style=\"text-align: justify;\"><span style=\"font-weight: 400; font-size: 14pt;\"><a href=\"https:\/\/gciatl.com\/fr\/about-global-clothing-industries\/\">Industries mondiales de l&#039;habillement<\/a> fournitures <strong>vente en gros jouets durs et mous d&#039;occasion <\/strong>pour la revente aux d\u00e9taillants et distributeurs du monde entier.<\/span><span style=\"font-weight: 400; font-size: 14pt;\"> Vous voulez remplir votre magasin \u00e0 partir d&#039;un stock in\u00e9puisable de jouets et d&#039;autres produits haut de gamme\u00a0? GCI travaillera avec vous pour d\u00e9terminer un prix par livre pour une exp\u00e9dition de nos nombreux articles indispensables. Nos peluches peuvent inclure des poup\u00e9es, des peluches et des figurines en peluche. Nos jouets durs se composent principalement de jouets en plastique et peuvent inclure des Legos en vrac, des jeux, des appareils \u00e9lectroniques, des figurines d&#039;action, des voitures et des camions, et plus encore. Nous proposons certaines des marques les plus populaires, telles que Mattel, Hasbro, Barbie, Fisher-Price, Playmobil, Funko, et plus encore\u00a0!<\/span><\/p>\n<p style=\"text-align: justify;\"><span style=\"font-weight: 400; font-size: 14pt; text-align: justify;\">Peu importe la culture ou le pays dans lequel nous vivons, partout dans le monde, les enfants aiment jouer et jouer est un \u00e9l\u00e9ment essentiel du d\u00e9veloppement d&#039;un enfant.<\/span><\/p>\n\n\t\t<\/div>\n\t<\/div>\n<\/div><\/div><\/div><div class=\"wpb_column vc_column_container vc_col-sm-6\"><div class=\"vc_column-inner\"><div class=\"wpb_wrapper\">\n\t<div  class=\"wpb_single_image wpb_content_element vc_align_center wpb_content_element\">\n\t\t\n\t\t<figure class=\"wpb_wrapper vc_figure\">\n\t\t\t<div class=\"vc_single_image-wrapper   vc_box_border_grey\"><img decoding=\"async\" width=\"527\" height=\"606\" src=\"https:\/\/gciatl.com\/wp-content\/uploads\/bulk-used-toys.jpg\" class=\"vc_single_image-img attachment-large\" alt=\"Clothing-\" title=\"jouets-d-occasion\" srcset=\"https:\/\/gciatl.com\/wp-content\/uploads\/bulk-used-toys.jpg 527w, https:\/\/gciatl.com\/wp-content\/uploads\/bulk-used-toys-287x330.jpg 287w, https:\/\/gciatl.com\/wp-content\/uploads\/bulk-used-toys-10x12.jpg 10w\" sizes=\"(max-width: 527px) 100vw, 527px\" \/><\/div>\n\t\t<\/figure>\n\t<\/div>\n<\/div><\/div><\/div><\/div><div class=\"vc_row-full-width\"><\/div><div data-vc-full-width=\"true\" data-vc-full-width-init=\"false\" class=\"vc_row wpb_row vc_row-fluid vc_custom_1675193857429 vc_row-has-fill vc_row-o-content-middle vc_row-flex\"><div class=\"wpb_column vc_column_container vc_col-sm-12\"><div class=\"vc_column-inner\"><div class=\"wpb_wrapper\"><style>.vc_btn3-style-gradient-custom.vc_btn-gradient-btn-69f85b560bac5:hover{color: #ffffff;background-color: #57b846;border: none;background-position: 100% 0;}<\/style><style>.vc_btn3-style-gradient-custom.vc_btn-gradient-btn-69f85b560bac5{color: #ffffff;border: none;background-color: #0075bb;background-image: -webkit-linear-gradient(left, #0075bb 0%, #57b846 50%,#0075bb 100%);background-image: linear-gradient(to right, #0075bb 0%, #57b846 50%,#0075bb 100%);-webkit-transition: all .2s ease-in-out;transition: all .2s ease-in-out;background-size: 200% 100%;}<\/style><div class=\"vc_btn3-container vc_btn3-center vc_custom_1675271682043 vc_do_btn\" ><a data-vc-gradient-1=\"#0075bb\" data-vc-gradient-2=\"#57b846\" class=\"vc_general vc_btn3 vc_btn3-size-md vc_btn3-shape-rounded vc_btn3-style-gradient-custom vc_btn3-icon-right vc_btn-gradient-btn-69f85b560bac5\" href=\"https:\/\/gciatl.com\/fr\/contact-global-clothing-industries\/\" title=\"Nous contacter\">Renseignez-vous sur les jouets <i class=\"vc_btn3-icon stm-arrow-next\"><\/i><\/a><\/div>\n<div class=\"vc_image_carousel_wr\">\n\t<div class=\"vc_image_carousel\" id=\"owl-69f85b560bc0a\">\n\t\t\t\t\t\t\t\t<div class=\"item\">\n\t\t\t\t<img decoding=\"async\" width=\"1006\" height=\"838\" src=\"https:\/\/gciatl.com\/wp-content\/uploads\/2020\/03\/Toys1.jpg\" class=\"attachment-large\" alt=\"Toys1\" title=\"Jouets1\" srcset=\"https:\/\/gciatl.com\/wp-content\/uploads\/2020\/03\/Toys1.jpg 1006w, https:\/\/gciatl.com\/wp-content\/uploads\/2020\/03\/Toys1-330x275.jpg 330w, https:\/\/gciatl.com\/wp-content\/uploads\/2020\/03\/Toys1-768x640.jpg 768w\" sizes=\"(max-width: 1006px) 100vw, 1006px\" \/>\t\t\t<\/div>\n\t\t\t\t\t\t\t\t<div class=\"item\">\n\t\t\t\t<img decoding=\"async\" width=\"1006\" height=\"838\" src=\"https:\/\/gciatl.com\/wp-content\/uploads\/2020\/03\/Toys-Warehouse.jpg\" class=\"attachment-large\" alt=\"Toys Warehouse\" title=\"Entrep\u00f4t de jouets\" srcset=\"https:\/\/gciatl.com\/wp-content\/uploads\/2020\/03\/Toys-Warehouse.jpg 1006w, https:\/\/gciatl.com\/wp-content\/uploads\/2020\/03\/Toys-Warehouse-330x275.jpg 330w, https:\/\/gciatl.com\/wp-content\/uploads\/2020\/03\/Toys-Warehouse-768x640.jpg 768w\" sizes=\"(max-width: 1006px) 100vw, 1006px\" \/>\t\t\t<\/div>\n\t\t\t\t\t\t\t\t<div class=\"item\">\n\t\t\t\t<img decoding=\"async\" width=\"864\" height=\"576\" src=\"https:\/\/gciatl.com\/wp-content\/uploads\/2020\/06\/Global-Clothing-Industries-Soft-Toys.jpg\" class=\"attachment-large\" alt=\"Global Clothing Industries Soft Toys\" title=\"Industries-du-habillement-mondiales-peluches\" srcset=\"https:\/\/gciatl.com\/wp-content\/uploads\/2020\/06\/Global-Clothing-Industries-Soft-Toys.jpg 864w, https:\/\/gciatl.com\/wp-content\/uploads\/2020\/06\/Global-Clothing-Industries-Soft-Toys-330x220.jpg 330w, https:\/\/gciatl.com\/wp-content\/uploads\/2020\/06\/Global-Clothing-Industries-Soft-Toys-768x512.jpg 768w, https:\/\/gciatl.com\/wp-content\/uploads\/2020\/06\/Global-Clothing-Industries-Soft-Toys-255x170.jpg 255w\" sizes=\"(max-width: 864px) 100vw, 864px\" \/>\t\t\t<\/div>\n\t\t\t<\/div>\n\t<script type=\"text\/javascript\">\n\t\tjQuery(document).ready(function ($) {\n\t\t\t$(\"#owl-69f85b560bc0a\").owlCarousel({\n\t\t\t\t\t\t\t\tautoplay: true,\n\t\t\t\t\t\t\t\tdots: false,\n\t\t\t\t\t\t\t\tloop: true,\n\t\t\t\t\t\t\t\tautoplayTimeout: 3000,\n\t\t\t\tsmartSpeed: 250,\n\t\t\t\tresponsive: {\n\t\t\t\t\t0: {\n\t\t\t\t\t\titems: 2\t\t\t\t\t},\n\t\t\t\t\t768: {\n\t\t\t\t\t\titems: 2\t\t\t\t\t},\n\t\t\t\t\t980: {\n\t\t\t\t\t\titems: 3\t\t\t\t\t},\n\t\t\t\t\t1199: {\n\t\t\t\t\t\titems: 3\t\t\t\t\t}\n\t\t\t\t}\n\t\t\t});\n\t\t});\n\t<\/script>\n<\/div><\/div><\/div><\/div><\/div><div class=\"vc_row-full-width\"><\/div><div data-vc-full-width=\"true\" data-vc-full-width-init=\"false\" class=\"vc_row wpb_row vc_row-fluid vc_custom_1675271760397\"><div class=\"wpb_column vc_column_container vc_col-sm-10 vc_col-lg-offset-2 vc_col-lg-8 vc_col-md-offset-2 vc_col-md-8 vc_col-sm-offset-1 vc_col-xs-12\"><div class=\"vc_column-inner vc_custom_1675273396987\"><div class=\"wpb_wrapper\"><h3 style=\"text-align: center\" class=\"vc_custom_heading vc_do_custom_heading\" >Nos jouets peuvent \u00eatre combin\u00e9s \u00e0 une commande avec d&#039;autres produits<\/h3>\n\t<div class=\"wpb_text_column wpb_content_element\" >\n\t\t<div class=\"wpb_wrapper\">\n\t\t\t<p style=\"text-align: justify;\"><span style=\"font-weight: 400; font-size: 14pt;\">En tant que l&#039;un des plus grands fournisseurs de jouets d&#039;occasion en vrac, de v\u00eatements d&#039;occasion, de chaussures et d&#039;accessoires, vous pouvez combiner votre commande de conteneurs ou de camions avec l&#039;une de nos autres offres de produits.<\/span><\/p>\n\n\t\t<\/div>\n\t<\/div>\n<\/div><\/div><\/div><\/div><div class=\"vc_row-full-width\"><\/div><div data-vc-full-width=\"true\" data-vc-full-width-init=\"false\" class=\"vc_row wpb_row vc_row-fluid vc_custom_1675273378374 vc_row-o-content-middle vc_row-flex\"><div class=\"wpb_column vc_column_container vc_col-sm-6\"><div class=\"vc_column-inner\"><div class=\"wpb_wrapper\">\n\t<div  class=\"wpb_single_image wpb_content_element vc_align_center wpb_content_element\">\n\t\t\n\t\t<figure class=\"wpb_wrapper vc_figure\">\n\t\t\t<div class=\"vc_single_image-wrapper   vc_box_border_grey\"><img decoding=\"async\" width=\"600\" height=\"600\" src=\"https:\/\/gciatl.com\/wp-content\/uploads\/wholesale-premium-used-shoes.jpg\" class=\"vc_single_image-img attachment-large\" alt=\"wholesale premium used shoes\" title=\"Vente en gros chaussures d&#039;occasion haut de gamme\" srcset=\"https:\/\/gciatl.com\/wp-content\/uploads\/wholesale-premium-used-shoes.jpg 600w, https:\/\/gciatl.com\/wp-content\/uploads\/wholesale-premium-used-shoes-330x330.jpg 330w, https:\/\/gciatl.com\/wp-content\/uploads\/wholesale-premium-used-shoes-12x12.jpg 12w, https:\/\/gciatl.com\/wp-content\/uploads\/wholesale-premium-used-shoes-130x130.jpg 130w, https:\/\/gciatl.com\/wp-content\/uploads\/wholesale-premium-used-shoes-40x40.jpg 40w\" sizes=\"(max-width: 600px) 100vw, 600px\" \/><\/div>\n\t\t<\/figure>\n\t<\/div>\n<\/div><\/div><\/div><div class=\"wpb_column vc_column_container vc_col-sm-6\"><div class=\"vc_column-inner\"><div class=\"wpb_wrapper\">\n\t<div class=\"wpb_text_column wpb_content_element\" >\n\t\t<div class=\"wpb_wrapper\">\n\t\t\t<ul>\n<li>\n<h4>Vente en gros Balles de V\u00eatements d&#039;Occasion<\/h4>\n<\/li>\n<li>\n<h4>Chaussures d&#039;occasion en vrac<\/h4>\n<\/li>\n<li>\n<h4>Sacs \u00e0 main et sacs d&#039;occasion en gros<\/h4>\n<\/li>\n<li>\n<h4>Vente en gros V\u00eatements Vintage<\/h4>\n<\/li>\n<li>\n<h4>Chiffons d&#039;essuyage industriels en gros<\/h4>\n<\/li>\n<li>\n<h4>Vente en gros de Brique et Brique<\/h4>\n<\/li>\n<li>\n<h4>Vente en gros V\u00eatements Vintage<\/h4>\n<\/li>\n<\/ul>\n\n\t\t<\/div>\n\t<\/div>\n<\/div><\/div><\/div><\/div><div class=\"vc_row-full-width\"><\/div><div data-vc-full-width=\"true\" data-vc-full-width-init=\"false\" class=\"vc_row wpb_row vc_row-fluid vc_custom_1675271760397\"><div class=\"wpb_column vc_column_container vc_col-sm-10 vc_col-lg-offset-2 vc_col-lg-8 vc_col-md-offset-2 vc_col-md-8 vc_col-sm-offset-1 vc_col-xs-12\"><div class=\"vc_column-inner vc_custom_1675272217863\"><div class=\"wpb_wrapper\">\n\t<div class=\"wpb_text_column wpb_content_element\" >\n\t\t<div class=\"wpb_wrapper\">\n\t\t\t<p style=\"text-align: justify;\"><span style=\"font-weight: 400; font-size: 14pt;\">En tant que partenaire, GCI est une source fiable d&#039;articles de haute qualit\u00e9 qui \u00e9largissent votre inventaire et augmentent vos marges b\u00e9n\u00e9ficiaires. Avec GCI, vous avez acc\u00e8s \u00e0 plus de 600 SKU de marchandises d&#039;occasion de qualit\u00e9 que nous achetons aupr\u00e8s de fournisseurs soigneusement s\u00e9lectionn\u00e9s, tels que des distributeurs d&#039;entreprise et des organisations caritatives.<\/span><\/p>\n\n\t\t<\/div>\n\t<\/div>\n<style>.vc_btn3-style-gradient-custom.vc_btn-gradient-btn-69f85b560ebf8:hover{color: #ffffff;background-color: #57b846;border: none;background-position: 100% 0;}<\/style><style>.vc_btn3-style-gradient-custom.vc_btn-gradient-btn-69f85b560ebf8{color: #ffffff;border: none;background-color: #0075bb;background-image: -webkit-linear-gradient(left, #0075bb 0%, #57b846 50%,#0075bb 100%);background-image: linear-gradient(to right, #0075bb 0%, #57b846 50%,#0075bb 100%);-webkit-transition: all .2s ease-in-out;transition: all .2s ease-in-out;background-size: 200% 100%;}<\/style><div class=\"vc_btn3-container vc_btn3-center vc_custom_1675272193889 vc_do_btn\" ><a data-vc-gradient-1=\"#0075bb\" data-vc-gradient-2=\"#57b846\" class=\"vc_general vc_btn3 vc_btn3-size-md vc_btn3-shape-rounded vc_btn3-style-gradient-custom vc_btn3-icon-right vc_btn-gradient-btn-69f85b560ebf8\" href=\"https:\/\/gciatl.com\/fr\/contact-global-clothing-industries\/\" title=\"Nous contacter\">Nous contacter <i class=\"vc_btn3-icon stm-arrow-next\"><\/i><\/a><\/div><\/div><\/div><\/div><\/div><div class=\"vc_row-full-width\"><\/div>\n<\/div>","protected":false},"excerpt":{"rendered":"Nous achetons et vendons des jouets d&#039;occasion en gros. Global Clothing Industries fournit en gros des jouets durs et souples d&#039;occasion pour la revente aux d\u00e9taillants et distributeurs du monde entier. Envie de combler...","protected":false},"author":1,"featured_media":0,"parent":2701,"menu_order":0,"comment_status":"closed","ping_status":"closed","template":"","meta":{"_monsterinsights_skip_tracking":false,"_monsterinsights_sitenote_active":false,"_monsterinsights_sitenote_note":"","_monsterinsights_sitenote_category":0,"slim_seo":{"title":"Jouets d&#039;occasion en gros - Industries mondiales du v\u00eatement","description":""},"footnotes":""},"class_list":["post-3870","page","type-page","status-publish","hentry"],"featured_image_src":null,"featured_image_src_square":null,"_links":{"self":[{"href":"https:\/\/gciatl.com\/fr\/wp-json\/wp\/v2\/pages\/3870","targetHints":{"allow":["GET"]}}],"collection":[{"href":"https:\/\/gciatl.com\/fr\/wp-json\/wp\/v2\/pages"}],"about":[{"href":"https:\/\/gciatl.com\/fr\/wp-json\/wp\/v2\/types\/page"}],"author":[{"embeddable":true,"href":"https:\/\/gciatl.com\/fr\/wp-json\/wp\/v2\/users\/1"}],"replies":[{"embeddable":true,"href":"https:\/\/gciatl.com\/fr\/wp-json\/wp\/v2\/comments?post=3870"}],"version-history":[{"count":0,"href":"https:\/\/gciatl.com\/fr\/wp-json\/wp\/v2\/pages\/3870\/revisions"}],"up":[{"embeddable":true,"href":"https:\/\/gciatl.com\/fr\/wp-json\/wp\/v2\/pages\/2701"}],"wp:attachment":[{"href":"https:\/\/gciatl.com\/fr\/wp-json\/wp\/v2\/media?parent=3870"}],"curies":[{"name":"wp","href":"https:\/\/api.w.org\/{rel}","templated":true}]}}